{"id":1689,"date":"2013-02-24T17:17:36","date_gmt":"2013-02-24T17:17:36","guid":{"rendered":"http:\/\/www.s601123161.mialojamiento.es\/?page_id=1689"},"modified":"2016-11-09T10:28:48","modified_gmt":"2016-11-09T10:28:48","slug":"spanish-d-o-p-olive-oil","status":"publish","type":"page","link":"https:\/\/www.mx2global.com\/es\/spanish-food\/olive-oils\/spanish-d-o-p-olive-oil\/","title":{"rendered":"Spanish Oils D.O.P."},"content":{"rendered":"<p><\/p>\n<h3>Spanish virgin olive oil Protected Denominations of Origin (D.O.P.)<\/h3>\n<p style=\"text-align: left;\">MX2 GLOBAL\u00a0supports the premium quality standards achieved in extra virgin olive oils conceived under the umbrella of Protected Denominations of Origin, which is the olive oil generated from olives cultivated, processed and bottled in a specific region in compliance with its unique processing and quality specifications.<\/p>\n<p style=\"text-align: left;\">We can offer extra virgin olive oil from any targeted Spanish D.O.P. (as per client\u2019s request), or to advise on the best option for your local market.<\/p>\n<p style=\"text-align: left;\">While a good part of these higher quality olive oils is reserved for local consumption, usual destinations of \u201cSpanish Extra Virgin Olive Oils with Protected Denomination of Origin\u201d include mature markets such as the United States, Canada, Japan or Western Europe, where the end-consumer can afford the quality surplus.<\/p>\n<p style=\"text-align: left;\">The 32 virgin olive oil Protected Denominations of Origin currently existing in Spain are:<\/p>\n<ul style=\"text-align: justify;\">\n<li><span style=\"color: #aa151b;\">Andalucia (14):<\/span> D.O. Sierra de C\u00e1diz; D.O. Antequera; D.O. Estepa; D.O. Lucena; D.O. Priego de C\u00f3rdoba; D.O. Poniente de Granada; D.O. Baena; D.O. Ja\u00e9n Sierra Sur; D.O. Montes de Granada; D.O. Sierra M\u00e1gina ; D.O. Sierra de Cazorla; D.O. Sierra de Segura; D.O. Campi\u00f1as de Ja\u00e9n; D.O. Montoro-Adamuz<\/li>\n<li><span style=\"color: #aa151b;\">Extremadura (2):<\/span> D.O. Monterrubio; D.O. Gata-Hurdes<\/li>\n<li><span style=\"color: #aa151b;\">Castilla-La Mancha (5):<\/span> D.O. Aceite Campo de Montiel; D.O. Campo de Calatrava; D.O. Aceite Montes de Alcaraz; D.O. La Alcarria; D.O. Montes de Toledo<\/li>\n<li><span style=\"color: #aa151b;\">Baleares (1):<\/span> D.O. Aceite de Mallorca<\/li>\n<li><span style=\"color: #aa151b;\">Catalu\u00f1a (5):<\/span> D.O. Baix Ebre-Montsi\u00e0; D.O. Oli de Terra Alta; D.O. Siurana; D.O. Les Garrigues; D.O. Oli de l&#8217;Empord\u00e0<\/li>\n<li><span style=\"color: #aa151b;\">La Rioja (1):<\/span> D.O. Aceite de La Rioja<\/li>\n<li><span style=\"color: #aa151b;\">Navarra (1):<\/span> D.O. Aceite de Navarra<\/li>\n<li><span style=\"color: #aa151b;\">Arag\u00f3n (1):<\/span> D.O. Aceite del Bajo Arag\u00f3n<\/li>\n<li><span style=\"color: #aa151b;\">Comunidad Valenciana (1):<\/span> D.O. Aceite de la Comunitat Valenciana<\/li>\n<li><span style=\"color: #aa151b;\">Madrid (1):<\/span> D.O. Aceite de Madrid<\/li>\n<\/ul>\n<h3>Spanish olive oil cultivation<\/h3>\n<p style=\"text-align: center;\">Andaluc\u00eda accounts for almost 75% of total production in Spain, while Jaen is the region with higher extension of land dedicated to olive cultivation in Spain.<a href=\"http:\/\/www.s601123161.mialojamiento.es\/wp-content\/uploads\/2013\/02\/SpanishOil.jpg\"><img decoding=\"async\" loading=\"lazy\" width=\"714\" height=\"528\" class=\"wp-image-1690 aligncenter\" src=\"http:\/\/www.s601123161.mialojamiento.es\/wp-content\/uploads\/2013\/02\/SpanishOil.jpg\" alt=\"SpanishOil\" srcset=\"https:\/\/www.mx2global.com\/wp-content\/uploads\/2013\/02\/SpanishOil.jpg 714w, https:\/\/www.mx2global.com\/wp-content\/uploads\/2013\/02\/SpanishOil-300x221.jpg 300w\" sizes=\"(max-width: 714px) 100vw, 714px\" \/><\/a><\/p>\n<p style=\"text-align: center;\"><em>Percentage of total region surface dedicated to olive cultivation<\/em><\/p>\n<h3><\/h3>\n<p><\/p>","protected":false},"excerpt":{"rendered":"<p>Spanish virgin olive oil Protected Denominations of Origin (D.O.P.) MX2 GLOBAL\u00a0supports the premium quality standards achieved in extra virgin olive oils conceived under the umbrella of Protected Denominations of Origin, which is the olive oil generated from olives cultivated, processed and bottled in a specific&hellip;<\/p>\n","protected":false},"author":9857,"featured_media":0,"parent":1625,"menu_order":0,"comment_status":"closed","ping_status":"closed","template":"","meta":[],"yoast_head":"<!-- This site is optimized with the Yoast SEO plugin v20.3 - https:\/\/yoast.com\/wordpress\/plugins\/seo\/ -->\n<title>Spanish D.O.P.<\/title>\n<meta name=\"description\" content=\"Spanish D.O.P.\" \/>\n<meta name=\"robots\" content=\"index, follow, max-snippet:-1, max-image-preview:large, max-video-preview:-1\" \/>\n<link rel=\"canonical\" href=\"https:\/\/www.mx2global.com\/es\/spanish-food\/olive-oils\/spanish-d-o-p-olive-oil\/\" \/>\n<meta property=\"og:locale\" content=\"es_ES\" \/>\n<meta property=\"og:type\" content=\"article\" \/>\n<meta property=\"og:title\" content=\"Spanish D.O.P.\" \/>\n<meta property=\"og:description\" content=\"Spanish D.O.P.\" \/>\n<meta property=\"og:url\" content=\"https:\/\/www.mx2global.com\/es\/spanish-food\/olive-oils\/spanish-d-o-p-olive-oil\/\" \/>\n<meta property=\"og:site_name\" content=\"MX2 Global\" \/>\n<meta property=\"article:publisher\" content=\"https:\/\/www.facebook.com\/MX2-Global-521852537878482\/\" \/>\n<meta property=\"article:modified_time\" content=\"2016-11-09T10:28:48+00:00\" \/>\n<meta property=\"og:image\" content=\"http:\/\/www.s601123161.mialojamiento.es\/wp-content\/uploads\/2013\/02\/SpanishOil.jpg\" \/>\n<meta name=\"twitter:label1\" content=\"Tiempo de lectura\" \/>\n\t<meta name=\"twitter:data1\" content=\"4 minutos\" \/>\n<script type=\"application\/ld+json\" class=\"yoast-schema-graph\">{\"@context\":\"https:\/\/schema.org\",\"@graph\":[{\"@type\":\"WebPage\",\"@id\":\"https:\/\/www.mx2global.com\/es\/spanish-food\/olive-oils\/spanish-d-o-p-olive-oil\/\",\"url\":\"https:\/\/www.mx2global.com\/es\/spanish-food\/olive-oils\/spanish-d-o-p-olive-oil\/\",\"name\":\"Spanish D.O.P.\",\"isPartOf\":{\"@id\":\"https:\/\/www.mx2global.com\/#website\"},\"datePublished\":\"2013-02-24T17:17:36+00:00\",\"dateModified\":\"2016-11-09T10:28:48+00:00\",\"description\":\"Spanish D.O.P.\",\"breadcrumb\":{\"@id\":\"https:\/\/www.mx2global.com\/es\/spanish-food\/olive-oils\/spanish-d-o-p-olive-oil\/#breadcrumb\"},\"inLanguage\":\"es\",\"potentialAction\":[{\"@type\":\"ReadAction\",\"target\":[\"https:\/\/www.mx2global.com\/es\/spanish-food\/olive-oils\/spanish-d-o-p-olive-oil\/\"]}]},{\"@type\":\"BreadcrumbList\",\"@id\":\"https:\/\/www.mx2global.com\/es\/spanish-food\/olive-oils\/spanish-d-o-p-olive-oil\/#breadcrumb\",\"itemListElement\":[{\"@type\":\"ListItem\",\"position\":1,\"name\":\"Home\",\"item\":\"https:\/\/www.mx2global.com\/\"},{\"@type\":\"ListItem\",\"position\":2,\"name\":\"Food\",\"item\":\"https:\/\/www.mx2global.com\/es\/spanish-food\/\"},{\"@type\":\"ListItem\",\"position\":3,\"name\":\"III. Olive oils\",\"item\":\"https:\/\/www.mx2global.com\/spanish-food\/olive-oils\/\"},{\"@type\":\"ListItem\",\"position\":4,\"name\":\"Spanish Oils D.O.P.\"}]},{\"@type\":\"WebSite\",\"@id\":\"https:\/\/www.mx2global.com\/#website\",\"url\":\"https:\/\/www.mx2global.com\/\",\"name\":\"MX2 Global\",\"description\":\"Private label sourcing: Wines &amp; Food\",\"publisher\":{\"@id\":\"https:\/\/www.mx2global.com\/#organization\"},\"potentialAction\":[{\"@type\":\"SearchAction\",\"target\":{\"@type\":\"EntryPoint\",\"urlTemplate\":\"https:\/\/www.mx2global.com\/?s={search_term_string}\"},\"query-input\":\"required name=search_term_string\"}],\"inLanguage\":\"es\"},{\"@type\":\"Organization\",\"@id\":\"https:\/\/www.mx2global.com\/#organization\",\"name\":\"Mariano de Luna\",\"url\":\"https:\/\/www.mx2global.com\/\",\"logo\":{\"@type\":\"ImageObject\",\"inLanguage\":\"es\",\"@id\":\"https:\/\/www.mx2global.com\/#\/schema\/logo\/image\/\",\"url\":\"https:\/\/www.mx2global.com\/wp-content\/uploads\/2016\/09\/global-LOGO-200x38-web.png\",\"contentUrl\":\"https:\/\/www.mx2global.com\/wp-content\/uploads\/2016\/09\/global-LOGO-200x38-web.png\",\"width\":200,\"height\":38,\"caption\":\"Mariano de Luna\"},\"image\":{\"@id\":\"https:\/\/www.mx2global.com\/#\/schema\/logo\/image\/\"},\"sameAs\":[\"https:\/\/www.facebook.com\/MX2-Global-521852537878482\/\",\"https:\/\/twitter.com\/MX2GLOBAL\",\"https:\/\/www.linkedin.com\/groups\/5010167\"]}]}<\/script>\n<!-- \/ Yoast SEO plugin. -->","yoast_head_json":{"title":"Spanish D.O.P.","description":"Spanish D.O.P.","robots":{"index":"index","follow":"follow","max-snippet":"max-snippet:-1","max-image-preview":"max-image-preview:large","max-video-preview":"max-video-preview:-1"},"canonical":"https:\/\/www.mx2global.com\/es\/spanish-food\/olive-oils\/spanish-d-o-p-olive-oil\/","og_locale":"es_ES","og_type":"article","og_title":"Spanish D.O.P.","og_description":"Spanish D.O.P.","og_url":"https:\/\/www.mx2global.com\/es\/spanish-food\/olive-oils\/spanish-d-o-p-olive-oil\/","og_site_name":"MX2 Global","article_publisher":"https:\/\/www.facebook.com\/MX2-Global-521852537878482\/","article_modified_time":"2016-11-09T10:28:48+00:00","og_image":[{"url":"http:\/\/www.s601123161.mialojamiento.es\/wp-content\/uploads\/2013\/02\/SpanishOil.jpg"}],"twitter_misc":{"Tiempo de lectura":"4 minutos"},"schema":{"@context":"https:\/\/schema.org","@graph":[{"@type":"WebPage","@id":"https:\/\/www.mx2global.com\/es\/spanish-food\/olive-oils\/spanish-d-o-p-olive-oil\/","url":"https:\/\/www.mx2global.com\/es\/spanish-food\/olive-oils\/spanish-d-o-p-olive-oil\/","name":"Spanish D.O.P.","isPartOf":{"@id":"https:\/\/www.mx2global.com\/#website"},"datePublished":"2013-02-24T17:17:36+00:00","dateModified":"2016-11-09T10:28:48+00:00","description":"Spanish D.O.P.","breadcrumb":{"@id":"https:\/\/www.mx2global.com\/es\/spanish-food\/olive-oils\/spanish-d-o-p-olive-oil\/#breadcrumb"},"inLanguage":"es","potentialAction":[{"@type":"ReadAction","target":["https:\/\/www.mx2global.com\/es\/spanish-food\/olive-oils\/spanish-d-o-p-olive-oil\/"]}]},{"@type":"BreadcrumbList","@id":"https:\/\/www.mx2global.com\/es\/spanish-food\/olive-oils\/spanish-d-o-p-olive-oil\/#breadcrumb","itemListElement":[{"@type":"ListItem","position":1,"name":"Home","item":"https:\/\/www.mx2global.com\/"},{"@type":"ListItem","position":2,"name":"Food","item":"https:\/\/www.mx2global.com\/es\/spanish-food\/"},{"@type":"ListItem","position":3,"name":"III. Olive oils","item":"https:\/\/www.mx2global.com\/spanish-food\/olive-oils\/"},{"@type":"ListItem","position":4,"name":"Spanish Oils D.O.P."}]},{"@type":"WebSite","@id":"https:\/\/www.mx2global.com\/#website","url":"https:\/\/www.mx2global.com\/","name":"MX2 Global","description":"Private label sourcing: Wines &amp; Food","publisher":{"@id":"https:\/\/www.mx2global.com\/#organization"},"potentialAction":[{"@type":"SearchAction","target":{"@type":"EntryPoint","urlTemplate":"https:\/\/www.mx2global.com\/?s={search_term_string}"},"query-input":"required name=search_term_string"}],"inLanguage":"es"},{"@type":"Organization","@id":"https:\/\/www.mx2global.com\/#organization","name":"Mariano de Luna","url":"https:\/\/www.mx2global.com\/","logo":{"@type":"ImageObject","inLanguage":"es","@id":"https:\/\/www.mx2global.com\/#\/schema\/logo\/image\/","url":"https:\/\/www.mx2global.com\/wp-content\/uploads\/2016\/09\/global-LOGO-200x38-web.png","contentUrl":"https:\/\/www.mx2global.com\/wp-content\/uploads\/2016\/09\/global-LOGO-200x38-web.png","width":200,"height":38,"caption":"Mariano de Luna"},"image":{"@id":"https:\/\/www.mx2global.com\/#\/schema\/logo\/image\/"},"sameAs":["https:\/\/www.facebook.com\/MX2-Global-521852537878482\/","https:\/\/twitter.com\/MX2GLOBAL","https:\/\/www.linkedin.com\/groups\/5010167"]}]}},"_links":{"self":[{"href":"https:\/\/www.mx2global.com\/es\/wp-json\/wp\/v2\/pages\/1689"}],"collection":[{"href":"https:\/\/www.mx2global.com\/es\/wp-json\/wp\/v2\/pages"}],"about":[{"href":"https:\/\/www.mx2global.com\/es\/wp-json\/wp\/v2\/types\/page"}],"author":[{"embeddable":true,"href":"https:\/\/www.mx2global.com\/es\/wp-json\/wp\/v2\/users\/9857"}],"replies":[{"embeddable":true,"href":"https:\/\/www.mx2global.com\/es\/wp-json\/wp\/v2\/comments?post=1689"}],"version-history":[{"count":15,"href":"https:\/\/www.mx2global.com\/es\/wp-json\/wp\/v2\/pages\/1689\/revisions"}],"predecessor-version":[{"id":4449,"href":"https:\/\/www.mx2global.com\/es\/wp-json\/wp\/v2\/pages\/1689\/revisions\/4449"}],"up":[{"embeddable":true,"href":"https:\/\/www.mx2global.com\/es\/wp-json\/wp\/v2\/pages\/1625"}],"wp:attachment":[{"href":"https:\/\/www.mx2global.com\/es\/wp-json\/wp\/v2\/media?parent=1689"}],"curies":[{"name":"wp","href":"https:\/\/api.w.org\/{rel}","templated":true}]}}